{"id":117,"date":"2024-01-25T23:49:33","date_gmt":"2024-01-25T22:49:33","guid":{"rendered":"http:\/\/tasch.org\/aurachgruppe\/?page_id=117"},"modified":"2024-12-16T23:29:20","modified_gmt":"2024-12-16T22:29:20","slug":"117-2","status":"publish","type":"page","link":"https:\/\/sfv-aurachgruppe.com\/","title":{"rendered":"Startseite"},"content":{"rendered":"\n<div class=\"wp-block-cover alignfull is-light wp-duotone-unset-1\" style=\"margin-top:0px;padding-top:0px;padding-right:9px;padding-bottom:0px;padding-left:9px;min-height:80vh;aspect-ratio:unset;\"><span aria-hidden=\"true\" class=\"wp-block-cover__background has-background-dim-30 has-background-dim\" style=\"background-color:#939ba5\"><\/span><img loading=\"lazy\" decoding=\"async\" width=\"1700\" height=\"826\" src=\"https:\/\/sfv-aurachgruppe.com\/wp-content\/uploads\/2024\/12\/20190811_065143-opt.jpg\" class=\"wp-block-cover__image-background wp-post-image\" alt=\"\" data-object-fit=\"cover\" srcset=\"https:\/\/sfv-aurachgruppe.com\/wp-content\/uploads\/2024\/12\/20190811_065143-opt.jpg 1700w, https:\/\/sfv-aurachgruppe.com\/wp-content\/uploads\/2024\/12\/20190811_065143-opt-300x146.jpg 300w, https:\/\/sfv-aurachgruppe.com\/wp-content\/uploads\/2024\/12\/20190811_065143-opt-1024x498.jpg 1024w, https:\/\/sfv-aurachgruppe.com\/wp-content\/uploads\/2024\/12\/20190811_065143-opt-768x373.jpg 768w, https:\/\/sfv-aurachgruppe.com\/wp-content\/uploads\/2024\/12\/20190811_065143-opt-1536x746.jpg 1536w\" sizes=\"auto, (max-width: 1700px) 100vw, 1700px\" \/><div class=\"wp-block-cover__inner-container is-layout-flow wp-block-cover-is-layout-flow\">\n<div class=\"wp-block-group is-content-justification-left is-layout-constrained wp-container-core-group-is-layout-e154b49a wp-block-group-is-layout-constrained\">\n<h1 class=\"wp-block-heading has-text-align-center has-palette-color-1-color has-text-color has-link-color wp-elements-86f1bf8e352beb5481bea34602d95f91\">Herzlich willkommen auf der Homepage des <span style=\"white-space: nowrap;\">Sportfischereivereins<\/span> Aurachgruppe! <\/h1>\n\n\n\n<h3 class=\"wp-block-heading has-text-align-center has-palette-color-1-color has-text-color has-link-color wp-elements-fe3bc780f133708c12fa528170c23e12\"><\/h3>\n<\/div>\n\n\n\n<div class=\"wp-block-group is-content-justification-left is-layout-constrained wp-container-core-group-is-layout-e154b49a wp-block-group-is-layout-constrained\">\n<p><\/p>\n<\/div>\n<\/div><\/div>\n\n\n\n<div class=\"wp-block-query is-layout-flow wp-block-query-is-layout-flow\"><ul class=\"columns-3 wp-block-post-template is-layout-grid wp-container-core-post-template-is-layout-6d3fbd8f wp-block-post-template-is-layout-grid\"><li class=\"wp-block-post post-99 post type-post status-publish format-standard hentry category-wichtiges\">\n\n<div class=\"wp-block-group has-palette-color-7-background-color has-background is-layout-flow wp-block-group-is-layout-flow\" style=\"padding-top:30px;padding-right:30px;padding-bottom:30px;padding-left:30px\"><h2 class=\"wp-block-post-title\"><a href=\"https:\/\/sfv-aurachgruppe.com\/?p=99\" target=\"_self\" >Aurach unterhalb der Aurachbr\u00fccke gesperrt!<\/a><\/h2>\n\n<div class=\"has-link-color wp-elements-8fb47d74ecf5db27ae80cdeba9c4beb3 wp-block-post-excerpt has-text-color has-palette-color-4-color\"><p class=\"wp-block-post-excerpt__excerpt\">Upade M\u00e4rz 2026: Der Ausbau der A3 ist bislang nicht planm\u00e4\u00dfig fertiggestellt, wodurch der Gew\u00e4sserabschnitt unterhalb der A3 Br\u00fccke noch immer gesperrt ist. Wie die meisten von euch sicherlich bereits mitbekommen haben, wird die Autobahn A3 ausgebaut. Erst Ende 2025 soll sie vollst\u00e4ndig fertiggestellt sein. Im Zuge dessen wird zurzeit die Br\u00fccke \u00fcber der mittleren<\/p><p class=\"wp-block-post-excerpt__more-text\"><a class=\"wp-block-post-excerpt__more-link\" href=\"https:\/\/sfv-aurachgruppe.com\/?p=99\">Weiter&#8230;<\/a><\/p><\/div>\n\n<div class=\"wp-block-post-date\"><time datetime=\"2024-01-25T22:57:59+01:00\">25. Januar 2024<\/time><\/div><\/div>\n\n\n\n<hr class=\"wp-block-separator has-alpha-channel-opacity\"\/>\n\n<\/li><li class=\"wp-block-post post-104 post type-post status-publish format-standard hentry category-wichtiges\">\n\n<div class=\"wp-block-group has-palette-color-7-background-color has-background is-layout-flow wp-block-group-is-layout-flow\" style=\"padding-top:30px;padding-right:30px;padding-bottom:30px;padding-left:30px\"><h2 class=\"wp-block-post-title\"><a href=\"https:\/\/sfv-aurachgruppe.com\/?p=104\" target=\"_self\" >Neue Arbeitsdiensttermine 2026<\/a><\/h2>\n\n<div class=\"has-link-color wp-elements-8fb47d74ecf5db27ae80cdeba9c4beb3 wp-block-post-excerpt has-text-color has-palette-color-4-color\"><p class=\"wp-block-post-excerpt__excerpt\">Petri Heil Vereinskollegen, die neuen Termine 2026 stehen fest und k\u00f6nnen hier eingesehen werden.<\/p><p class=\"wp-block-post-excerpt__more-text\"><a class=\"wp-block-post-excerpt__more-link\" href=\"https:\/\/sfv-aurachgruppe.com\/?p=104\">Weiter&#8230;<\/a><\/p><\/div>\n\n<div class=\"wp-block-post-date\"><time datetime=\"2026-03-08T14:51:53+01:00\">8. M\u00e4rz 2026<\/time><\/div><\/div>\n\n\n\n<hr class=\"wp-block-separator has-alpha-channel-opacity\"\/>\n\n<\/li><li class=\"wp-block-post post-428 post type-post status-publish format-standard hentry category-wichtiges\">\n\n<div class=\"wp-block-group has-palette-color-7-background-color has-background is-layout-flow wp-block-group-is-layout-flow\" style=\"padding-top:30px;padding-right:30px;padding-bottom:30px;padding-left:30px\"><h2 class=\"wp-block-post-title\"><a href=\"https:\/\/sfv-aurachgruppe.com\/?p=428\" target=\"_self\" >Gew\u00e4ssersperrungen!<\/a><\/h2>\n\n<div class=\"has-link-color wp-elements-8fb47d74ecf5db27ae80cdeba9c4beb3 wp-block-post-excerpt has-text-color has-palette-color-4-color\"><p class=\"wp-block-post-excerpt__excerpt\">Die aktuellen Gew\u00e4ssersperrungen k\u00f6nnen auf der Gew\u00e4sser-Seite eingesehen werden.<\/p><p class=\"wp-block-post-excerpt__more-text\"><a class=\"wp-block-post-excerpt__more-link\" href=\"https:\/\/sfv-aurachgruppe.com\/?p=428\">Weiter&#8230;<\/a><\/p><\/div>\n\n<div class=\"wp-block-post-date\"><time datetime=\"2026-01-12T18:02:43+01:00\">12. Januar 2026<\/time><\/div><\/div>\n\n\n\n<hr class=\"wp-block-separator has-alpha-channel-opacity\"\/>\n\n<\/li><\/ul><\/div>\n","protected":false},"excerpt":{"rendered":"","protected":false},"author":1,"featured_media":387,"parent":0,"menu_order":0,"comment_status":"closed","ping_status":"closed","template":"","meta":{"footnotes":""},"class_list":["post-117","page","type-page","status-publish","has-post-thumbnail","hentry"],"blocksy_meta":{"disable_featured_image":"no","background":{"background_type":{"background_type":"color","background_pattern":"type-1","background_image":{"attachment_id":null,"x":0.53,"y":0.92,"url":null},"gradient":"linear-gradient(174deg,rgb(118,143,82) 0%,rgba(251,251,251,0) 68%)","background_repeat":"no-repeat","background_size":"cover","background_attachment":"inherit","patternColor":{"default":{"color":"#e5e7ea"}},"overlayColor":{"default":{"color":"CT_CSS_SKIP_RULE"}},"backgroundColor":{"default":{"color":"#ffffff"}}},"background_pattern":{"background_type":"color","background_pattern":"type-1","background_image":{"attachment_id":null,"x":0.53,"y":0.92,"url":null},"gradient":"linear-gradient(174deg,rgb(118,143,82) 0%,rgba(251,251,251,0) 68%)","background_repeat":"no-repeat","background_size":"cover","background_attachment":"inherit","patternColor":{"default":{"color":"#e5e7ea"}},"overlayColor":{"default":{"color":"CT_CSS_SKIP_RULE"}},"backgroundColor":{"default":{"color":"#ffffff"}}},"background_image":{"background_type":"color","background_pattern":"type-1","background_image":{"attachment_id":null,"x":0.53,"y":0.92,"url":null},"gradient":"linear-gradient(174deg,rgb(118,143,82) 0%,rgba(251,251,251,0) 68%)","background_repeat":"no-repeat","background_size":"cover","background_attachment":"inherit","patternColor":{"default":{"color":"#e5e7ea"}},"overlayColor":{"default":{"color":"CT_CSS_SKIP_RULE"}},"backgroundColor":{"default":{"color":"#ffffff"}}},"gradient":{"background_type":"color","background_pattern":"type-1","background_image":{"attachment_id":null,"x":0.53,"y":0.92,"url":null},"gradient":"linear-gradient(174deg,rgb(118,143,82) 0%,rgba(251,251,251,0) 68%)","background_repeat":"no-repeat","background_size":"cover","background_attachment":"inherit","patternColor":{"default":{"color":"#e5e7ea"}},"overlayColor":{"default":{"color":"CT_CSS_SKIP_RULE"}},"backgroundColor":{"default":{"color":"#ffffff"}}},"background_repeat":{"background_type":"color","background_pattern":"type-1","background_image":{"attachment_id":null,"x":0.53,"y":0.92,"url":null},"gradient":"linear-gradient(174deg,rgb(118,143,82) 0%,rgba(251,251,251,0) 68%)","background_repeat":"no-repeat","background_size":"cover","background_attachment":"inherit","patternColor":{"default":{"color":"#e5e7ea"}},"overlayColor":{"default":{"color":"CT_CSS_SKIP_RULE"}},"backgroundColor":{"default":{"color":"#ffffff"}}},"background_size":{"background_type":"color","background_pattern":"type-1","background_image":{"attachment_id":null,"x":0.53,"y":0.92,"url":null},"gradient":"linear-gradient(174deg,rgb(118,143,82) 0%,rgba(251,251,251,0) 68%)","background_repeat":"no-repeat","background_size":"cover","background_attachment":"inherit","patternColor":{"default":{"color":"#e5e7ea"}},"overlayColor":{"default":{"color":"CT_CSS_SKIP_RULE"}},"backgroundColor":{"default":{"color":"#ffffff"}}},"background_attachment":{"background_type":"color","background_pattern":"type-1","background_image":{"attachment_id":null,"x":0.53,"y":0.92,"url":null},"gradient":"linear-gradient(174deg,rgb(118,143,82) 0%,rgba(251,251,251,0) 68%)","background_repeat":"no-repeat","background_size":"cover","background_attachment":"inherit","patternColor":{"default":{"color":"#e5e7ea"}},"overlayColor":{"default":{"color":"CT_CSS_SKIP_RULE"}},"backgroundColor":{"default":{"color":"#ffffff"}}},"patternColor":{"background_type":"color","background_pattern":"type-1","background_image":{"attachment_id":null,"x":0.53,"y":0.92,"url":null},"gradient":"linear-gradient(174deg,rgb(118,143,82) 0%,rgba(251,251,251,0) 68%)","background_repeat":"no-repeat","background_size":"cover","background_attachment":"inherit","patternColor":{"default":{"color":"#e5e7ea"}},"overlayColor":{"default":{"color":"CT_CSS_SKIP_RULE"}},"backgroundColor":{"default":{"color":"#ffffff"}}},"overlayColor":{"background_type":"color","background_pattern":"type-1","background_image":{"attachment_id":null,"x":0.53,"y":0.92,"url":null},"gradient":"linear-gradient(174deg,rgb(118,143,82) 0%,rgba(251,251,251,0) 68%)","background_repeat":"no-repeat","background_size":"cover","background_attachment":"inherit","patternColor":{"default":{"color":"#e5e7ea"}},"overlayColor":{"default":{"color":"CT_CSS_SKIP_RULE"}},"backgroundColor":{"default":{"color":"#ffffff"}}},"backgroundColor":{"background_type":"color","background_pattern":"type-1","background_image":{"attachment_id":null,"x":0.53,"y":0.92,"url":null},"gradient":"linear-gradient(174deg,rgb(118,143,82) 0%,rgba(251,251,251,0) 68%)","background_repeat":"no-repeat","background_size":"cover","background_attachment":"inherit","patternColor":{"default":{"color":"#e5e7ea"}},"overlayColor":{"default":{"color":"CT_CSS_SKIP_RULE"}},"backgroundColor":{"default":{"color":"#ffffff"}}},"desktop":{"background_type":"color","background_pattern":"type-1","background_image":{"attachment_id":null,"x":0.53,"y":0.92,"url":null},"gradient":"linear-gradient(174deg,rgb(118,143,82) 0%,rgba(251,251,251,0) 68%)","background_repeat":"no-repeat","background_size":"cover","background_attachment":"inherit","patternColor":{"default":{"color":"#e5e7ea"}},"overlayColor":{"default":{"color":"CT_CSS_SKIP_RULE"}},"backgroundColor":{"default":{"color":"#ffffff"}}},"tablet":{"background_type":"color","background_pattern":"type-1","background_image":{"attachment_id":null,"x":0.53,"y":0.92,"url":null},"gradient":"linear-gradient(174deg,rgb(118,143,82) 0%,rgba(251,251,251,0) 68%)","background_repeat":"no-repeat","background_size":"cover","background_attachment":"inherit","patternColor":{"default":{"color":"#e5e7ea"}},"overlayColor":{"default":{"color":"CT_CSS_SKIP_RULE"}},"backgroundColor":{"default":{"color":"#ffffff"}}},"mobile":{"background_type":"color","background_pattern":"type-1","background_image":{"attachment_id":null,"x":0.53,"y":0.92,"url":null},"gradient":"linear-gradient(174deg,rgb(118,143,82) 0%,rgba(251,251,251,0) 68%)","background_repeat":"no-repeat","background_size":"cover","background_attachment":"inherit","patternColor":{"default":{"color":"#e5e7ea"}},"overlayColor":{"default":{"color":"CT_CSS_SKIP_RULE"}},"backgroundColor":{"default":{"color":"#ffffff"}}}},"page_structure_type":"default","styles_descriptor":{"styles":{"desktop":"[data-prefix=\"single_page\"] {background-color:#ffffff;background-image:none;}","tablet":"","mobile":""},"google_fonts":[],"version":6}},"_links":{"self":[{"href":"https:\/\/sfv-aurachgruppe.com\/index.php?rest_route=\/wp\/v2\/pages\/117","targetHints":{"allow":["GET"]}}],"collection":[{"href":"https:\/\/sfv-aurachgruppe.com\/index.php?rest_route=\/wp\/v2\/pages"}],"about":[{"href":"https:\/\/sfv-aurachgruppe.com\/index.php?rest_route=\/wp\/v2\/types\/page"}],"author":[{"embeddable":true,"href":"https:\/\/sfv-aurachgruppe.com\/index.php?rest_route=\/wp\/v2\/users\/1"}],"replies":[{"embeddable":true,"href":"https:\/\/sfv-aurachgruppe.com\/index.php?rest_route=%2Fwp%2Fv2%2Fcomments&post=117"}],"version-history":[{"count":24,"href":"https:\/\/sfv-aurachgruppe.com\/index.php?rest_route=\/wp\/v2\/pages\/117\/revisions"}],"predecessor-version":[{"id":486,"href":"https:\/\/sfv-aurachgruppe.com\/index.php?rest_route=\/wp\/v2\/pages\/117\/revisions\/486"}],"wp:featuredmedia":[{"embeddable":true,"href":"https:\/\/sfv-aurachgruppe.com\/index.php?rest_route=\/wp\/v2\/media\/387"}],"wp:attachment":[{"href":"https:\/\/sfv-aurachgruppe.com\/index.php?rest_route=%2Fwp%2Fv2%2Fmedia&parent=117"}],"curies":[{"name":"wp","href":"https:\/\/api.w.org\/{rel}","templated":true}]}}